{"id":18,"date":"2014-12-31T20:21:00","date_gmt":"2014-12-31T20:21:00","guid":{"rendered":"http:\/\/milleniumconsult.net\/?page_id=18"},"modified":"2014-12-31T20:21:00","modified_gmt":"2014-12-31T20:21:00","slug":"nous-contacter","status":"publish","type":"page","link":"https:\/\/milleniumconsult.net\/?page_id=18","title":{"rendered":"Nous contacter"},"content":{"rendered":"<div class=\"art-content-layout\">\n<div class=\"art-content-layout-row\">\n<div class=\"art-layout-cell layout-item-0\" style=\"width: 50%\" >\n<p><span style=\"color: rgb(0, 170, 255); font-size: 18px; font-weight: bold; letter-spacing: 2px;\">Plan<\/span><\/p>\n<p><span style=\"color: rgb(0, 170, 255); font-size: 18px; font-weight: bold; letter-spacing: 2px;\"><br \/><\/span><\/p>\n<\/p><\/div>\n<div class=\"art-layout-cell layout-item-0\" style=\"width: 25%\" >\n<p><span style=\"color: rgb(0, 170, 255); font-size: 18px; font-weight: bold; letter-spacing: 2px;\">Adresse<\/span><\/p>\n<p>Lot 8 immeuble Caduc\u00e9e<br \/>ZAC Houelbourg Sud<br \/>97122 BAIE-MAHAULT<\/p>\n<h3><\/h3>\n<p><\/p>\n<\/p><\/div>\n<div class=\"art-layout-cell layout-item-0\" style=\"width: 25%\" >\n<h3>T\u00e9l\u00e9phonie<\/h3>\n<p>Standard: 0590<\/p>\n<p>Portable : 0690<\/p>\n<\/p><\/div>\n<\/p><\/div>\n<\/div>\n","protected":false},"excerpt":{"rendered":"<p>Plan Adresse Lot 8 immeuble Caduc\u00e9eZAC Houelbourg Sud97122 BAIE-MAHAULT T\u00e9l\u00e9phonie Standard: 0590 Portable : 0690<\/p>\n","protected":false},"author":1,"featured_media":0,"parent":0,"menu_order":5,"comment_status":"closed","ping_status":"open","template":"","meta":[],"_links":{"self":[{"href":"https:\/\/milleniumconsult.net\/index.php?rest_route=\/wp\/v2\/pages\/18"}],"collection":[{"href":"https:\/\/milleniumconsult.net\/index.php?rest_route=\/wp\/v2\/pages"}],"about":[{"href":"https:\/\/milleniumconsult.net\/index.php?rest_route=\/wp\/v2\/types\/page"}],"author":[{"embeddable":true,"href":"https:\/\/milleniumconsult.net\/index.php?rest_route=\/wp\/v2\/users\/1"}],"replies":[{"embeddable":true,"href":"https:\/\/milleniumconsult.net\/index.php?rest_route=%2Fwp%2Fv2%2Fcomments&post=18"}],"version-history":[{"count":0,"href":"https:\/\/milleniumconsult.net\/index.php?rest_route=\/wp\/v2\/pages\/18\/revisions"}],"wp:attachment":[{"href":"https:\/\/milleniumconsult.net\/index.php?rest_route=%2Fwp%2Fv2%2Fmedia&parent=18"}],"curies":[{"name":"wp","href":"https:\/\/api.w.org\/{rel}","templated":true}]}}